{"id":1763,"date":"2020-12-04T14:19:50","date_gmt":"2020-12-04T14:19:50","guid":{"rendered":"https:\/\/oracred.oplevering4u.nl\/home\/"},"modified":"2022-01-04T08:26:11","modified_gmt":"2022-01-04T08:26:11","slug":"home","status":"publish","type":"page","link":"https:\/\/oracred.oplevering4u.nl\/ru\/","title":{"rendered":"Home"},"content":{"rendered":"\n<div class=\"wp-block-group alignfull is-style-partial-grey-background is-layout-flow wp-block-group-is-layout-flow\">\n<div class=\"wp-block-media-text is-stacked-on-mobile is-vertically-aligned-center\"><figure class=\"wp-block-media-text__media\"><picture><source srcset=\"https:\/\/oracred.oplevering4u.nl\/wp-content\/webp-express\/webp-images\/doc-root\/wp-content\/uploads\/2021\/11\/paper-3213924_1920-1024x645.jpg.webp 1024w, https:\/\/oracred.oplevering4u.nl\/wp-content\/webp-express\/webp-images\/doc-root\/wp-content\/uploads\/2021\/11\/paper-3213924_1920-300x189.jpg.webp 300w, https:\/\/oracred.oplevering4u.nl\/wp-content\/webp-express\/webp-images\/doc-root\/wp-content\/uploads\/2021\/11\/paper-3213924_1920-768x484.jpg.webp 768w, https:\/\/oracred.oplevering4u.nl\/wp-content\/webp-express\/webp-images\/doc-root\/wp-content\/uploads\/2021\/11\/paper-3213924_1920-1536x968.jpg.webp 1536w, https:\/\/oracred.oplevering4u.nl\/wp-content\/webp-express\/webp-images\/doc-root\/wp-content\/uploads\/2021\/11\/paper-3213924_1920.jpg.webp 1920w\" sizes=\"(max-width: 1024px) 100vw, 1024px\" type=\"image\/webp\"><img decoding=\"async\" width=\"1024\" height=\"645\" src=\"http:\/\/oracred.oplevering4u.nl\/wp-content\/uploads\/2021\/11\/paper-3213924_1920-1024x645.jpg\" alt=\"\" class=\"wp-image-1755 size-full webpexpress-processed\" srcset=\"https:\/\/oracred.oplevering4u.nl\/wp-content\/uploads\/2021\/11\/paper-3213924_1920-1024x645.jpg 1024w, https:\/\/oracred.oplevering4u.nl\/wp-content\/uploads\/2021\/11\/paper-3213924_1920-300x189.jpg 300w, https:\/\/oracred.oplevering4u.nl\/wp-content\/uploads\/2021\/11\/paper-3213924_1920-768x484.jpg 768w, https:\/\/oracred.oplevering4u.nl\/wp-content\/uploads\/2021\/11\/paper-3213924_1920-1536x968.jpg 1536w, https:\/\/oracred.oplevering4u.nl\/wp-content\/uploads\/2021\/11\/paper-3213924_1920.jpg 1920w\" sizes=\"(max-width: 1024px) 100vw, 1024px\"><\/picture><\/figure><div class=\"wp-block-media-text__content\">\n<div class=\"wp-block-ugb-heading ugb-heading ugb-5064b3a ugb-main-block\"><style>.ugb-5064b3a .ugb-heading__title{text-transform:none !important;text-align:left;margin-bottom:15px !important}.ugb-5064b3a .ugb-heading__bottom-line{background-color:var(--theme-palette-color-1,#16c98d) !important;height:2px !important;width:187px !important;margin-left:0 !important;margin-right:auto !important}.ugb-5064b3a .ugb-inner-block{text-align:left}<\/style><div class=\"ugb-inner-block\"><div class=\"ugb-block-content\"><h1 class=\"ugb-heading__title\">Despre noi<\/h1><div class=\"ugb-heading__bottom-line\"><\/div><\/div><\/div><\/div>\n\n\n\n<p>Speciali\u0219ti \u00een elaborarea datelor cu caracter personal pentru ob\u021binerea \u00eemprumuturilor bancare \u00een sfera cump\u0103r\u0103rii imobilelor.<\/p>\n\n\n\n<div class=\"wp-block-ugb-button ugb-button-wrapper ugb-95e011e ugb-main-block\"><style>.ugb-95e011e .ugb-block-content{justify-content:flex-start !important}.ugb-95e011e .ugb-button1 .ugb-button--inner{font-size:16px !important;font-weight:normal !important}.ugb-95e011e .ugb-button1{background-color:var(--theme-palette-color-1,#f25579);padding-top:12px;padding-right:35px;padding-bottom:12px;padding-left:35px;border-radius:4px !important}.ugb-95e011e .ugb-button1 .ugb-button--inner,.ugb-95e011e .ugb-button1 svg:not(.ugb-custom-icon){color:var(--theme-palette-color-5,#ffffff) !important}.ugb-95e011e .ugb-button1:before{border-radius:4px !important}.ugb-95e011e .ugb-inner-block{text-align:left}@media screen and (min-width:768px){.ugb-95e011e.ugb-button-wrapper{margin-bottom:0px !important}}<\/style><div class=\"ugb-inner-block\"><div class=\"ugb-block-content\"><div class=\"ugb-button-container\"><a class=\"ugb-button1 ugb-button ugb-button--size-normal ugb--hover-effect-scale\" href=\"http:\/\/oracred.oplevering4u.nl\/contacte\/\" rel=\"\" title=\"\"><span class=\"ugb-button--inner\">Contacte<\/span><\/a><\/div><\/div><\/div><\/div>\n<\/div><\/div>\n<\/div>\n\n\n\n<div class=\"wp-block-ugb-container ugb-container ugb-95e2e52 ugb-container--v2 ugb-container--design-basic ugb-main-block\"><style>.ugb-95e2e52-wrapper.ugb-container__wrapper{border-radius:0px !important}@media screen and (min-width:768px){.ugb-95e2e52.ugb-container{padding-top:30px !important}}@media screen and (min-width:768px) and (max-width:1025px){.ugb-95e2e52.ugb-container{padding-top:60px !important}}@media screen and (max-width:768px){.ugb-95e2e52.ugb-container{margin-top:0px !important;padding-top:0px !important;padding-right:0px !important;padding-bottom:0px !important;padding-left:0px !important}}@media screen and (min-width:768px){.ugb-95e2e52 > .ugb-inner-block > .ugb-block-content > *{padding-right:20px !important;padding-left:20px !important}}@media screen and (max-width:768px){.ugb-95e2e52 > .ugb-inner-block > .ugb-block-content > *{padding-top:0px !important;padding-right:0px !important;padding-bottom:0px !important;padding-left:0px !important}}<\/style><div class=\"ugb-inner-block\"><div class=\"ugb-block-content\"><div class=\"ugb-container__wrapper ugb-95e2e52-wrapper ugb--shadow-0\"><div class=\"ugb-container__side\"><div class=\"ugb-container__content-wrapper ugb-95e2e52-content-wrapper\">\n<div class=\"wp-block-ugb-heading ugb-heading ugb-ee1e853 ugb-main-block\"><style>.ugb-ee1e853 .ugb-heading__title{text-transform:none !important;text-align:center;margin-bottom:15px !important}.ugb-ee1e853 .ugb-heading__bottom-line{background-color:var(--theme-palette-color-1,#16c98d) !important;height:2px !important;width:187px !important;margin-left:auto !important;margin-right:auto !important}.ugb-ee1e853 .ugb-inner-block{text-align:center}<\/style><div class=\"ugb-inner-block\"><div class=\"ugb-block-content\"><h2 class=\"ugb-heading__title\">COLABOR\u0102M CU INTERMEDIARI \u00ceN ORICE COL\u021a A ITALIEI<\/h2><div class=\"ugb-heading__bottom-line\"><\/div><\/div><\/div><\/div>\n<\/div><\/div><\/div><\/div><\/div><\/div>\n\n\n\n<div class=\"wp-block-media-text has-media-on-the-right is-stacked-on-mobile\" style=\"grid-template-columns:auto 39%\"><figure class=\"wp-block-media-text__media\"><picture><source srcset=\"https:\/\/oracred.oplevering4u.nl\/wp-content\/webp-express\/webp-images\/doc-root\/wp-content\/uploads\/2021\/11\/villa-house-model-key-and-drawing-on-retro-desktop-real-estate-sale-concept-scaled-1-1024x683.jpg.webp 1024w, https:\/\/oracred.oplevering4u.nl\/wp-content\/webp-express\/webp-images\/doc-root\/wp-content\/uploads\/2021\/11\/villa-house-model-key-and-drawing-on-retro-desktop-real-estate-sale-concept-scaled-1-300x200.jpg.webp 300w, https:\/\/oracred.oplevering4u.nl\/wp-content\/webp-express\/webp-images\/doc-root\/wp-content\/uploads\/2021\/11\/villa-house-model-key-and-drawing-on-retro-desktop-real-estate-sale-concept-scaled-1-768x512.jpg.webp 768w, https:\/\/oracred.oplevering4u.nl\/wp-content\/webp-express\/webp-images\/doc-root\/wp-content\/uploads\/2021\/11\/villa-house-model-key-and-drawing-on-retro-desktop-real-estate-sale-concept-scaled-1-1536x1024.jpg.webp 1536w, https:\/\/oracred.oplevering4u.nl\/wp-content\/webp-express\/webp-images\/doc-root\/wp-content\/uploads\/2021\/11\/villa-house-model-key-and-drawing-on-retro-desktop-real-estate-sale-concept-scaled-1-2048x1366.jpg.webp 2048w\" sizes=\"(max-width: 1024px) 100vw, 1024px\" type=\"image\/webp\"><img decoding=\"async\" width=\"1024\" height=\"683\" src=\"https:\/\/oracred.oplevering4u.nl\/wp-content\/uploads\/2021\/11\/villa-house-model-key-and-drawing-on-retro-desktop-real-estate-sale-concept-scaled-1-1024x683.jpg\" alt=\"\" class=\"wp-image-1757 size-large webpexpress-processed\" srcset=\"https:\/\/oracred.oplevering4u.nl\/wp-content\/uploads\/2021\/11\/villa-house-model-key-and-drawing-on-retro-desktop-real-estate-sale-concept-scaled-1-1024x683.jpg 1024w, https:\/\/oracred.oplevering4u.nl\/wp-content\/uploads\/2021\/11\/villa-house-model-key-and-drawing-on-retro-desktop-real-estate-sale-concept-scaled-1-300x200.jpg 300w, https:\/\/oracred.oplevering4u.nl\/wp-content\/uploads\/2021\/11\/villa-house-model-key-and-drawing-on-retro-desktop-real-estate-sale-concept-scaled-1-768x512.jpg 768w, https:\/\/oracred.oplevering4u.nl\/wp-content\/uploads\/2021\/11\/villa-house-model-key-and-drawing-on-retro-desktop-real-estate-sale-concept-scaled-1-1536x1024.jpg 1536w, https:\/\/oracred.oplevering4u.nl\/wp-content\/uploads\/2021\/11\/villa-house-model-key-and-drawing-on-retro-desktop-real-estate-sale-concept-scaled-1-2048x1366.jpg 2048w\" sizes=\"(max-width: 1024px) 100vw, 1024px\"><\/picture><\/figure><div class=\"wp-block-media-text__content\">\n<div class=\"wp-block-ugb-heading ugb-heading ugb-8ee77ee ugb-main-block\"><style>.ugb-8ee77ee .ugb-heading__title{text-transform:none !important;text-align:left;margin-bottom:15px !important}.ugb-8ee77ee .ugb-inner-block{text-align:left}@media screen and (min-width:768px){.ugb-8ee77ee.ugb-heading{margin-bottom:0px !important}}@media screen and (max-width:768px){.ugb-8ee77ee.ugb-heading{margin-bottom:0px !important}}<\/style><div class=\"ugb-inner-block\"><div class=\"ugb-block-content\"><h2 class=\"ugb-heading__title\">Ce facem?<\/h2><\/div><\/div><\/div>\n\n\n\n<p>\u00ce\u021bi oferim r\u0103spuns la cererea de \u00eemprumut \u00een cel mai scurt timp posibil,\u00een str\u00eens contact cu brokerii din zona indicat\u0103 de Dumneavoastr\u0103.<\/p>\n<\/div><\/div>\n\n\n\n<div style=\"height:50px\" aria-hidden=\"true\" class=\"wp-block-spacer\"><\/div>\n\n\n\n<div class=\"wp-block-media-text is-stacked-on-mobile\" style=\"grid-template-columns:39% auto\"><figure class=\"wp-block-media-text__media\"><picture><source srcset=\"https:\/\/oracred.oplevering4u.nl\/wp-content\/webp-express\/webp-images\/doc-root\/wp-content\/uploads\/2021\/11\/villa-house-model-key-and-drawing-on-retro-desktop-real-estate-sale-concept-scaled-1-1024x683.jpg.webp 1024w, https:\/\/oracred.oplevering4u.nl\/wp-content\/webp-express\/webp-images\/doc-root\/wp-content\/uploads\/2021\/11\/villa-house-model-key-and-drawing-on-retro-desktop-real-estate-sale-concept-scaled-1-300x200.jpg.webp 300w, https:\/\/oracred.oplevering4u.nl\/wp-content\/webp-express\/webp-images\/doc-root\/wp-content\/uploads\/2021\/11\/villa-house-model-key-and-drawing-on-retro-desktop-real-estate-sale-concept-scaled-1-768x512.jpg.webp 768w, https:\/\/oracred.oplevering4u.nl\/wp-content\/webp-express\/webp-images\/doc-root\/wp-content\/uploads\/2021\/11\/villa-house-model-key-and-drawing-on-retro-desktop-real-estate-sale-concept-scaled-1-1536x1024.jpg.webp 1536w, https:\/\/oracred.oplevering4u.nl\/wp-content\/webp-express\/webp-images\/doc-root\/wp-content\/uploads\/2021\/11\/villa-house-model-key-and-drawing-on-retro-desktop-real-estate-sale-concept-scaled-1-2048x1366.jpg.webp 2048w\" sizes=\"(max-width: 1024px) 100vw, 1024px\" type=\"image\/webp\"><img decoding=\"async\" width=\"1024\" height=\"683\" src=\"https:\/\/oracred.oplevering4u.nl\/wp-content\/uploads\/2021\/11\/villa-house-model-key-and-drawing-on-retro-desktop-real-estate-sale-concept-scaled-1-1024x683.jpg\" alt=\"\" class=\"wp-image-1757 size-large webpexpress-processed\" srcset=\"https:\/\/oracred.oplevering4u.nl\/wp-content\/uploads\/2021\/11\/villa-house-model-key-and-drawing-on-retro-desktop-real-estate-sale-concept-scaled-1-1024x683.jpg 1024w, https:\/\/oracred.oplevering4u.nl\/wp-content\/uploads\/2021\/11\/villa-house-model-key-and-drawing-on-retro-desktop-real-estate-sale-concept-scaled-1-300x200.jpg 300w, https:\/\/oracred.oplevering4u.nl\/wp-content\/uploads\/2021\/11\/villa-house-model-key-and-drawing-on-retro-desktop-real-estate-sale-concept-scaled-1-768x512.jpg 768w, https:\/\/oracred.oplevering4u.nl\/wp-content\/uploads\/2021\/11\/villa-house-model-key-and-drawing-on-retro-desktop-real-estate-sale-concept-scaled-1-1536x1024.jpg 1536w, https:\/\/oracred.oplevering4u.nl\/wp-content\/uploads\/2021\/11\/villa-house-model-key-and-drawing-on-retro-desktop-real-estate-sale-concept-scaled-1-2048x1366.jpg 2048w\" sizes=\"(max-width: 1024px) 100vw, 1024px\"><\/picture><\/figure><div class=\"wp-block-media-text__content\">\n<div class=\"wp-block-ugb-heading ugb-heading ugb-69616ab ugb-main-block\"><style>.ugb-69616ab .ugb-heading__title{text-transform:none !important;text-align:left;margin-bottom:15px !important}.ugb-69616ab .ugb-inner-block{text-align:left}@media screen and (min-width:768px){.ugb-69616ab.ugb-heading{margin-bottom:0px !important}}@media screen and (max-width:768px){.ugb-69616ab.ugb-heading{margin-bottom:0px !important}}<\/style><div class=\"ugb-inner-block\"><div class=\"ugb-block-content\"><h2 class=\"ugb-heading__title\">De ce noi?<\/h2><\/div><\/div><\/div>\n\n\n\n<p>Ai g\u0103sit casa \u0219i brokerul nu-\u021bi d\u0103 r\u0103spuns? Sau a\u0219tep\u021bi de s\u0103pt\u0103m\u00eeni pentru un r\u0103spuns? Cu&nbsp;<strong>ORACRED&nbsp;<\/strong>totul devine mai simplu. <strong>ORACRED&nbsp;<\/strong>se ocup\u0103 cu gestionarea instantanee a actelor. Ceea ce poate dura s\u0103pt\u0103m\u00eeni,cu noi dureaz\u0103 doar c\u00eeteva zile oferinduv\u0103 un r\u0103spuns \u00een cel mai scurt timp.<\/p>\n\n\n\n<p>Cererea nu cost\u0103 nimic. Comisioanele se achit\u0103 direct brokerului, concovdate in prealabil.<\/p>\n\n\n\n<p>Completeaz\u0103 cererea <strong>\u00een doar 5 minute.<\/strong> <\/p>\n\n\n\n<div class=\"wp-block-ugb-button ugb-button-wrapper ugb-771e3f3 ugb-main-block\"><style>.ugb-771e3f3 .ugb-block-content{justify-content:flex-start !important}.ugb-771e3f3 .ugb-button1 .ugb-button--inner{font-size:16px !important;font-weight:normal !important}.ugb-771e3f3 .ugb-button1{background-color:var(--theme-palette-color-1,#f25579);padding-top:12px;padding-right:35px;padding-bottom:12px;padding-left:35px;border-radius:4px !important}.ugb-771e3f3 .ugb-button1 .ugb-button--inner,.ugb-771e3f3 .ugb-button1 svg:not(.ugb-custom-icon){color:var(--theme-palette-color-8,#ffffff) !important}.ugb-771e3f3 .ugb-button1:before{border-radius:4px !important}.ugb-771e3f3 .ugb-inner-block{text-align:left}@media screen and (min-width:768px){.ugb-771e3f3.ugb-button-wrapper{margin-bottom:0px !important}}<\/style><div class=\"ugb-inner-block\"><div class=\"ugb-block-content\"><div class=\"ugb-button-container\"><a class=\"ugb-button1 ugb-button ugb-button--size-normal ugb--hover-effect-scale\" href=\"http:\/\/oracred.oplevering4u.nl\/cererea\/\" rel=\"\" title=\"\"><span class=\"ugb-button--inner\">Completeaz\u0103 cererea<\/span><\/a><\/div><\/div><\/div><\/div>\n<\/div><\/div>\n\n\n\n<div style=\"height:20px\" aria-hidden=\"true\" class=\"wp-block-spacer\"><\/div>\n","protected":false},"excerpt":{"rendered":"<p>Despre noi Speciali\u0219ti \u00een elaborarea datelor cu caracter personal pentru ob\u021binerea \u00eemprumuturilor bancare \u00een sfera cump\u0103r\u0103rii imobilelor. Contacte COLABOR\u0102M CU INTERMEDIARI \u00ceN ORICE COL\u021a A ITALIEI<\/p>\n","protected":false},"author":1,"featured_media":0,"parent":0,"menu_order":0,"comment_status":"closed","ping_status":"closed","template":"","meta":{"footnotes":""},"class_list":["post-1763","page","type-page","status-publish","hentry"],"blocksy_meta":{"styles_descriptor":{"styles":{"desktop":"","tablet":"","mobile":""},"google_fonts":[],"version":6}},"featured_image_urls_v2":{"full":"","thumbnail":"","medium":"","medium_large":"","large":"","1536x1536":"","2048x2048":"","gform-image-choice-sm":"","gform-image-choice-md":"","gform-image-choice-lg":""},"post_excerpt_stackable_v2":"<p>Despre noi Speciali\u0219ti \u00een elaborarea datelor cu caracter personal pentru ob\u021binerea \u00eemprumuturilor bancare \u00een sfera cump\u0103r\u0103rii imobilelor. Contacte COLABOR\u0102M CU INTERMEDIARI \u00ceN ORICE COL\u021a A ITALIEI Ce facem? \u00ce\u021bi oferim r\u0103spuns la cererea de \u00eemprumut \u00een cel mai scurt timp posibil,\u00een str\u00eens contact cu brokerii din zona indicat\u0103 de Dumneavoastr\u0103. De ce noi? Ai g\u0103sit casa \u0219i brokerul nu-\u021bi d\u0103 r\u0103spuns? Sau a\u0219tep\u021bi de s\u0103pt\u0103m\u00eeni pentru un r\u0103spuns? Cu&nbsp;ORACRED&nbsp;totul devine mai simplu. ORACRED&nbsp;se ocup\u0103 cu gestionarea instantanee a actelor. Ceea ce poate dura s\u0103pt\u0103m\u00eeni,cu noi dureaz\u0103 doar c\u00eeteva zile oferinduv\u0103 un r\u0103spuns \u00een cel mai scurt timp. Cererea nu cost\u0103&hellip;<\/p>\n","category_list_v2":"","author_info_v2":{"name":"best4u","url":"https:\/\/oracred.oplevering4u.nl\/ru\/author\/best4u\/"},"comments_num_v2":"0 \u043a\u043e\u043c\u043c\u0435\u043d\u0442\u0430\u0440\u0438\u0435\u0432","yoast_head":"<!-- This site is optimized with the Yoast SEO plugin v26.5 - https:\/\/yoast.com\/wordpress\/plugins\/seo\/ -->\n<title>Home - Oracred<\/title>\n<meta name=\"robots\" content=\"noindex, follow, max-snippet:-1, max-image-preview:large, max-video-preview:-1\" \/>\n<meta property=\"og:locale\" content=\"ru_RU\" \/>\n<meta property=\"og:type\" content=\"article\" \/>\n<meta property=\"og:title\" content=\"Home - Oracred\" \/>\n<meta property=\"og:description\" content=\"Despre noi Speciali\u0219ti \u00een elaborarea datelor cu caracter personal pentru ob\u021binerea \u00eemprumuturilor bancare \u00een sfera cump\u0103r\u0103rii imobilelor. Contacte COLABOR\u0102M CU INTERMEDIARI \u00ceN ORICE COL\u021a A ITALIEI\" \/>\n<meta property=\"og:url\" content=\"https:\/\/oracred.oplevering4u.nl\/ru\/\" \/>\n<meta property=\"og:site_name\" content=\"Oracred\" \/>\n<meta property=\"article:modified_time\" content=\"2022-01-04T08:26:11+00:00\" \/>\n<meta property=\"og:image\" content=\"http:\/\/oracred.oplevering4u.nl\/wp-content\/uploads\/2021\/11\/paper-3213924_1920-1024x645.jpg\" \/>\n<meta name=\"twitter:card\" content=\"summary_large_image\" \/>\n<meta name=\"twitter:label1\" content=\"\u041f\u0440\u0438\u043c\u0435\u0440\u043d\u043e\u0435 \u0432\u0440\u0435\u043c\u044f \u0434\u043b\u044f \u0447\u0442\u0435\u043d\u0438\u044f\" \/>\n\t<meta name=\"twitter:data1\" content=\"1 \u043c\u0438\u043d\u0443\u0442\u0430\" \/>\n<script type=\"application\/ld+json\" class=\"yoast-schema-graph\">{\"@context\":\"https:\/\/schema.org\",\"@graph\":[{\"@type\":\"WebPage\",\"@id\":\"https:\/\/oracred.oplevering4u.nl\/ru\/\",\"url\":\"https:\/\/oracred.oplevering4u.nl\/ru\/\",\"name\":\"Home - Oracred\",\"isPartOf\":{\"@id\":\"https:\/\/oracred.oplevering4u.nl\/ru\/#website\"},\"primaryImageOfPage\":{\"@id\":\"https:\/\/oracred.oplevering4u.nl\/ru\/#primaryimage\"},\"image\":{\"@id\":\"https:\/\/oracred.oplevering4u.nl\/ru\/#primaryimage\"},\"thumbnailUrl\":\"http:\/\/oracred.oplevering4u.nl\/wp-content\/uploads\/2021\/11\/paper-3213924_1920-1024x645.jpg\",\"datePublished\":\"2020-12-04T14:19:50+00:00\",\"dateModified\":\"2022-01-04T08:26:11+00:00\",\"breadcrumb\":{\"@id\":\"https:\/\/oracred.oplevering4u.nl\/ru\/#breadcrumb\"},\"inLanguage\":\"ru-RU\",\"potentialAction\":[{\"@type\":\"ReadAction\",\"target\":[\"https:\/\/oracred.oplevering4u.nl\/ru\/\"]}]},{\"@type\":\"ImageObject\",\"inLanguage\":\"ru-RU\",\"@id\":\"https:\/\/oracred.oplevering4u.nl\/ru\/#primaryimage\",\"url\":\"http:\/\/oracred.oplevering4u.nl\/wp-content\/uploads\/2021\/11\/paper-3213924_1920-1024x645.jpg\",\"contentUrl\":\"http:\/\/oracred.oplevering4u.nl\/wp-content\/uploads\/2021\/11\/paper-3213924_1920-1024x645.jpg\"},{\"@type\":\"BreadcrumbList\",\"@id\":\"https:\/\/oracred.oplevering4u.nl\/ru\/#breadcrumb\",\"itemListElement\":[{\"@type\":\"ListItem\",\"position\":1,\"name\":\"Home\",\"item\":\"https:\/\/oracred.oplevering4u.nl\/ru\/home\/\"},{\"@type\":\"ListItem\",\"position\":2,\"name\":\"Home\"}]},{\"@type\":\"WebSite\",\"@id\":\"https:\/\/oracred.oplevering4u.nl\/ru\/#website\",\"url\":\"https:\/\/oracred.oplevering4u.nl\/ru\/\",\"name\":\"Oracred\",\"description\":\"\",\"publisher\":{\"@id\":\"https:\/\/oracred.oplevering4u.nl\/ru\/#organization\"},\"potentialAction\":[{\"@type\":\"SearchAction\",\"target\":{\"@type\":\"EntryPoint\",\"urlTemplate\":\"https:\/\/oracred.oplevering4u.nl\/ru\/?s={search_term_string}\"},\"query-input\":{\"@type\":\"PropertyValueSpecification\",\"valueRequired\":true,\"valueName\":\"search_term_string\"}}],\"inLanguage\":\"ru-RU\"},{\"@type\":\"Organization\",\"@id\":\"https:\/\/oracred.oplevering4u.nl\/ru\/#organization\",\"name\":\"Oracred\",\"url\":\"https:\/\/oracred.oplevering4u.nl\/ru\/\",\"logo\":{\"@type\":\"ImageObject\",\"inLanguage\":\"ru-RU\",\"@id\":\"https:\/\/oracred.oplevering4u.nl\/ru\/#\/schema\/logo\/image\/\",\"url\":\"https:\/\/oracred.oplevering4u.nl\/wp-content\/uploads\/2021\/11\/oracred-final-02-1-e1625853558841-400x144-1.webp\",\"contentUrl\":\"https:\/\/oracred.oplevering4u.nl\/wp-content\/uploads\/2021\/11\/oracred-final-02-1-e1625853558841-400x144-1.webp\",\"width\":400,\"height\":144,\"caption\":\"Oracred\"},\"image\":{\"@id\":\"https:\/\/oracred.oplevering4u.nl\/ru\/#\/schema\/logo\/image\/\"}}]}<\/script>\n<!-- \/ Yoast SEO plugin. -->","yoast_head_json":{"title":"Home - Oracred","robots":{"index":"noindex","follow":"follow","max-snippet":"max-snippet:-1","max-image-preview":"max-image-preview:large","max-video-preview":"max-video-preview:-1"},"og_locale":"ru_RU","og_type":"article","og_title":"Home - Oracred","og_description":"Despre noi Speciali\u0219ti \u00een elaborarea datelor cu caracter personal pentru ob\u021binerea \u00eemprumuturilor bancare \u00een sfera cump\u0103r\u0103rii imobilelor. Contacte COLABOR\u0102M CU INTERMEDIARI \u00ceN ORICE COL\u021a A ITALIEI","og_url":"https:\/\/oracred.oplevering4u.nl\/ru\/","og_site_name":"Oracred","article_modified_time":"2022-01-04T08:26:11+00:00","og_image":[{"url":"http:\/\/oracred.oplevering4u.nl\/wp-content\/uploads\/2021\/11\/paper-3213924_1920-1024x645.jpg","type":"","width":"","height":""}],"twitter_card":"summary_large_image","twitter_misc":{"\u041f\u0440\u0438\u043c\u0435\u0440\u043d\u043e\u0435 \u0432\u0440\u0435\u043c\u044f \u0434\u043b\u044f \u0447\u0442\u0435\u043d\u0438\u044f":"1 \u043c\u0438\u043d\u0443\u0442\u0430"},"schema":{"@context":"https:\/\/schema.org","@graph":[{"@type":"WebPage","@id":"https:\/\/oracred.oplevering4u.nl\/ru\/","url":"https:\/\/oracred.oplevering4u.nl\/ru\/","name":"Home - Oracred","isPartOf":{"@id":"https:\/\/oracred.oplevering4u.nl\/ru\/#website"},"primaryImageOfPage":{"@id":"https:\/\/oracred.oplevering4u.nl\/ru\/#primaryimage"},"image":{"@id":"https:\/\/oracred.oplevering4u.nl\/ru\/#primaryimage"},"thumbnailUrl":"http:\/\/oracred.oplevering4u.nl\/wp-content\/uploads\/2021\/11\/paper-3213924_1920-1024x645.jpg","datePublished":"2020-12-04T14:19:50+00:00","dateModified":"2022-01-04T08:26:11+00:00","breadcrumb":{"@id":"https:\/\/oracred.oplevering4u.nl\/ru\/#breadcrumb"},"inLanguage":"ru-RU","potentialAction":[{"@type":"ReadAction","target":["https:\/\/oracred.oplevering4u.nl\/ru\/"]}]},{"@type":"ImageObject","inLanguage":"ru-RU","@id":"https:\/\/oracred.oplevering4u.nl\/ru\/#primaryimage","url":"http:\/\/oracred.oplevering4u.nl\/wp-content\/uploads\/2021\/11\/paper-3213924_1920-1024x645.jpg","contentUrl":"http:\/\/oracred.oplevering4u.nl\/wp-content\/uploads\/2021\/11\/paper-3213924_1920-1024x645.jpg"},{"@type":"BreadcrumbList","@id":"https:\/\/oracred.oplevering4u.nl\/ru\/#breadcrumb","itemListElement":[{"@type":"ListItem","position":1,"name":"Home","item":"https:\/\/oracred.oplevering4u.nl\/ru\/home\/"},{"@type":"ListItem","position":2,"name":"Home"}]},{"@type":"WebSite","@id":"https:\/\/oracred.oplevering4u.nl\/ru\/#website","url":"https:\/\/oracred.oplevering4u.nl\/ru\/","name":"Oracred","description":"","publisher":{"@id":"https:\/\/oracred.oplevering4u.nl\/ru\/#organization"},"potentialAction":[{"@type":"SearchAction","target":{"@type":"EntryPoint","urlTemplate":"https:\/\/oracred.oplevering4u.nl\/ru\/?s={search_term_string}"},"query-input":{"@type":"PropertyValueSpecification","valueRequired":true,"valueName":"search_term_string"}}],"inLanguage":"ru-RU"},{"@type":"Organization","@id":"https:\/\/oracred.oplevering4u.nl\/ru\/#organization","name":"Oracred","url":"https:\/\/oracred.oplevering4u.nl\/ru\/","logo":{"@type":"ImageObject","inLanguage":"ru-RU","@id":"https:\/\/oracred.oplevering4u.nl\/ru\/#\/schema\/logo\/image\/","url":"https:\/\/oracred.oplevering4u.nl\/wp-content\/uploads\/2021\/11\/oracred-final-02-1-e1625853558841-400x144-1.webp","contentUrl":"https:\/\/oracred.oplevering4u.nl\/wp-content\/uploads\/2021\/11\/oracred-final-02-1-e1625853558841-400x144-1.webp","width":400,"height":144,"caption":"Oracred"},"image":{"@id":"https:\/\/oracred.oplevering4u.nl\/ru\/#\/schema\/logo\/image\/"}}]}},"_links":{"self":[{"href":"https:\/\/oracred.oplevering4u.nl\/ru\/wp-json\/wp\/v2\/pages\/1763","targetHints":{"allow":["GET"]}}],"collection":[{"href":"https:\/\/oracred.oplevering4u.nl\/ru\/wp-json\/wp\/v2\/pages"}],"about":[{"href":"https:\/\/oracred.oplevering4u.nl\/ru\/wp-json\/wp\/v2\/types\/page"}],"author":[{"embeddable":true,"href":"https:\/\/oracred.oplevering4u.nl\/ru\/wp-json\/wp\/v2\/users\/1"}],"replies":[{"embeddable":true,"href":"https:\/\/oracred.oplevering4u.nl\/ru\/wp-json\/wp\/v2\/comments?post=1763"}],"version-history":[{"count":13,"href":"https:\/\/oracred.oplevering4u.nl\/ru\/wp-json\/wp\/v2\/pages\/1763\/revisions"}],"predecessor-version":[{"id":1845,"href":"https:\/\/oracred.oplevering4u.nl\/ru\/wp-json\/wp\/v2\/pages\/1763\/revisions\/1845"}],"wp:attachment":[{"href":"https:\/\/oracred.oplevering4u.nl\/ru\/wp-json\/wp\/v2\/media?parent=1763"}],"curies":[{"name":"wp","href":"https:\/\/api.w.org\/{rel}","templated":true}]}}